{"id":53,"date":"2022-08-23T17:35:12","date_gmt":"2022-08-23T14:35:12","guid":{"rendered":"https:\/\/shanti.fi\/?page_id=53"},"modified":"2022-12-31T16:16:10","modified_gmt":"2022-12-31T13:16:10","slug":"etusivu","status":"publish","type":"page","link":"https:\/\/shanti.fi\/","title":{"rendered":"Etusivu"},"content":{"rendered":"\t\t<div data-elementor-type=\"wp-page\" data-elementor-id=\"53\" class=\"elementor elementor-53\">\n\t\t\t\t\t\t<section class=\"elementor-section elementor-top-section elementor-element elementor-element-1b3e95b elementor-section-boxed elementor-section-height-default elementor-section-height-default\" data-id=\"1b3e95b\" data-element_type=\"section\" data-e-type=\"section\" data-settings=\"{&quot;background_background&quot;:&quot;classic&quot;}\">\n\t\t\t\t\t\t\t<div class=\"elementor-background-overlay\"><\/div>\n\t\t\t\t\t\t\t<div class=\"elementor-container elementor-column-gap-default\">\n\t\t\t\t\t<div class=\"elementor-column elementor-col-100 elementor-top-column elementor-element elementor-element-7944420\" data-id=\"7944420\" data-element_type=\"column\" data-e-type=\"column\" data-settings=\"{&quot;background_background&quot;:&quot;classic&quot;}\">\n\t\t\t<div class=\"elementor-widget-wrap elementor-element-populated\">\n\t\t\t\t\t\t\t<\/div>\n\t\t<\/div>\n\t\t\t\t\t<\/div>\n\t\t<\/section>\n\t\t\t\t<section class=\"elementor-section elementor-top-section elementor-element elementor-element-d41bb68 elementor-section-boxed elementor-section-height-default elementor-section-height-default\" data-id=\"d41bb68\" data-element_type=\"section\" data-e-type=\"section\" data-settings=\"{&quot;background_background&quot;:&quot;classic&quot;}\">\n\t\t\t\t\t\t<div class=\"elementor-container elementor-column-gap-default\">\n\t\t\t\t\t<div class=\"elementor-column elementor-col-100 elementor-top-column elementor-element elementor-element-633b954\" data-id=\"633b954\" data-element_type=\"column\" data-e-type=\"column\" data-settings=\"{&quot;background_background&quot;:&quot;classic&quot;}\">\n\t\t\t<div class=\"elementor-widget-wrap elementor-element-populated\">\n\t\t\t\t\t\t\t<\/div>\n\t\t<\/div>\n\t\t\t\t\t<\/div>\n\t\t<\/section>\n\t\t\t\t<section class=\"elementor-section elementor-top-section elementor-element elementor-element-e6fafd1 elementor-section-boxed elementor-section-height-default elementor-section-height-default\" data-id=\"e6fafd1\" data-element_type=\"section\" data-e-type=\"section\" data-settings=\"{&quot;background_background&quot;:&quot;classic&quot;}\">\n\t\t\t\t\t\t<div class=\"elementor-container elementor-column-gap-default\">\n\t\t\t\t\t<div class=\"elementor-column elementor-col-100 elementor-top-column elementor-element elementor-element-220d844\" data-id=\"220d844\" data-element_type=\"column\" data-e-type=\"column\" data-settings=\"{&quot;background_background&quot;:&quot;classic&quot;}\">\n\t\t\t<div class=\"elementor-widget-wrap elementor-element-populated\">\n\t\t\t\t\t\t<div class=\"elementor-element elementor-element-d974d43 elementor-widget elementor-widget-text-editor\" data-id=\"d974d43\" data-element_type=\"widget\" data-e-type=\"widget\" data-widget_type=\"text-editor.default\">\n\t\t\t\t<div class=\"elementor-widget-container\">\n\t\t\t\t\t\t\t\t\t<p class=\"p1\">Lempe\u00e4n luonnollista hiustenhoitoa rauhallisessa ilmapiiriss\u00e4. <br \/>Meill\u00e4 hiuksesi v\u00e4rj\u00e4t\u00e4\u00e4n\u00a0<span style=\"color: var( --e-global-color-accent ); font-family: var( --e-global-typography-b9f0a0a-font-family ), Sans-serif; font-size: var( --e-global-typography-b9f0a0a-font-size ); font-style: var( --e-global-typography-b9f0a0a-font-style ); font-weight: var( --e-global-typography-b9f0a0a-font-weight ); letter-spacing: var( --e-global-typography-b9f0a0a-letter-spacing ); word-spacing: var( --e-global-typography-b9f0a0a-word-spacing ); background-color: var( --e-global-color-544c13e );\">100% kasviv\u00e4reill\u00e4, hoidetaan yrteilll\u00e4, savella ja merilev\u00e4ll\u00e4<\/span><\/p>\t\t\t\t\t\t\t\t<\/div>\n\t\t\t\t<\/div>\n\t\t\t\t\t<\/div>\n\t\t<\/div>\n\t\t\t\t\t<\/div>\n\t\t<\/section>\n\t\t\t\t<section class=\"elementor-section elementor-top-section elementor-element elementor-element-03a8d08 elementor-section-boxed elementor-section-height-default elementor-section-height-default\" data-id=\"03a8d08\" data-element_type=\"section\" data-e-type=\"section\" data-settings=\"{&quot;background_background&quot;:&quot;classic&quot;}\">\n\t\t\t\t\t\t<div class=\"elementor-container elementor-column-gap-default\">\n\t\t\t\t\t<div class=\"elementor-column elementor-col-33 elementor-top-column elementor-element elementor-element-2073328\" data-id=\"2073328\" data-element_type=\"column\" data-e-type=\"column\" data-settings=\"{&quot;background_background&quot;:&quot;classic&quot;}\">\n\t\t\t<div class=\"elementor-widget-wrap elementor-element-populated\">\n\t\t\t\t\t\t<div class=\"elementor-element elementor-element-e1134f5 elementor-widget elementor-widget-image\" data-id=\"e1134f5\" data-element_type=\"widget\" data-e-type=\"widget\" data-widget_type=\"image.default\">\n\t\t\t\t<div class=\"elementor-widget-container\">\n\t\t\t\t\t\t\t\t\t\t\t\t\t\t\t<img decoding=\"async\" src=\"https:\/\/shanti.fi\/wp-content\/uploads\/elementor\/thumbs\/Hoytyvat.jpg.pieni_-pzz1tvpa7g1xrxpqkgv9zxausfk15mjc77l2zfjhzw.jpeg\" title=\"\" alt=\"\" loading=\"lazy\" \/>\t\t\t\t\t\t\t\t\t\t\t\t\t\t\t<\/div>\n\t\t\t\t<\/div>\n\t\t\t\t<div class=\"elementor-element elementor-element-50ac927 elementor-widget elementor-widget-image\" data-id=\"50ac927\" data-element_type=\"widget\" data-e-type=\"widget\" data-widget_type=\"image.default\">\n\t\t\t\t<div class=\"elementor-widget-container\">\n\t\t\t\t\t\t\t\t\t\t\t\t\t\t\t<img decoding=\"async\" src=\"https:\/\/shanti.fi\/wp-content\/uploads\/elementor\/thumbs\/OR5_0118-2pieni-pzz156hym68ootlcssi7h5ostxasvyh9gyfqzo5xi4.jpg\" title=\"\" alt=\"\" loading=\"lazy\" \/>\t\t\t\t\t\t\t\t\t\t\t\t\t\t\t<\/div>\n\t\t\t\t<\/div>\n\t\t\t\t\t<\/div>\n\t\t<\/div>\n\t\t\t\t<div class=\"elementor-column elementor-col-33 elementor-top-column elementor-element elementor-element-7c936f5\" data-id=\"7c936f5\" data-element_type=\"column\" data-e-type=\"column\" data-settings=\"{&quot;background_background&quot;:&quot;classic&quot;}\">\n\t\t\t<div class=\"elementor-widget-wrap elementor-element-populated\">\n\t\t\t\t\t\t<div class=\"elementor-element elementor-element-4c8f9eb elementor-widget elementor-widget-image\" data-id=\"4c8f9eb\" data-element_type=\"widget\" data-e-type=\"widget\" data-widget_type=\"image.default\">\n\t\t\t\t<div class=\"elementor-widget-container\">\n\t\t\t\t\t\t\t\t\t\t\t\t\t\t\t<img fetchpriority=\"high\" decoding=\"async\" width=\"800\" height=\"534\" src=\"https:\/\/shanti.fi\/wp-content\/uploads\/2022\/12\/kehakukka.pieni_.jpg\" class=\"attachment-2048x2048 size-2048x2048 wp-image-1521\" alt=\"\" srcset=\"https:\/\/shanti.fi\/wp-content\/uploads\/2022\/12\/kehakukka.pieni_.jpg 800w, https:\/\/shanti.fi\/wp-content\/uploads\/2022\/12\/kehakukka.pieni_-300x200.jpg 300w, https:\/\/shanti.fi\/wp-content\/uploads\/2022\/12\/kehakukka.pieni_-768x513.jpg 768w\" sizes=\"(max-width: 800px) 100vw, 800px\" \/>\t\t\t\t\t\t\t\t\t\t\t\t\t\t\t<\/div>\n\t\t\t\t<\/div>\n\t\t\t\t<div class=\"elementor-element elementor-element-05d5fd6 elementor-widget elementor-widget-image\" data-id=\"05d5fd6\" data-element_type=\"widget\" data-e-type=\"widget\" data-widget_type=\"image.default\">\n\t\t\t\t<div class=\"elementor-widget-container\">\n\t\t\t\t\t\t\t\t\t\t\t\t\t\t\t<img decoding=\"async\" src=\"https:\/\/shanti.fi\/wp-content\/uploads\/2022\/12\/OR5_0096-pieni.jpg\" title=\"\" alt=\"\" loading=\"lazy\" \/>\t\t\t\t\t\t\t\t\t\t\t\t\t\t\t<\/div>\n\t\t\t\t<\/div>\n\t\t\t\t\t<\/div>\n\t\t<\/div>\n\t\t\t\t<div class=\"elementor-column elementor-col-33 elementor-top-column elementor-element elementor-element-52006ed\" data-id=\"52006ed\" data-element_type=\"column\" data-e-type=\"column\" data-settings=\"{&quot;background_background&quot;:&quot;classic&quot;}\">\n\t\t\t<div class=\"elementor-widget-wrap elementor-element-populated\">\n\t\t\t\t\t\t<div class=\"elementor-element elementor-element-74c8a6f elementor-widget elementor-widget-image\" data-id=\"74c8a6f\" data-element_type=\"widget\" data-e-type=\"widget\" data-widget_type=\"image.default\">\n\t\t\t\t<div class=\"elementor-widget-container\">\n\t\t\t\t\t\t\t\t\t\t\t\t\t\t\t<img decoding=\"async\" src=\"https:\/\/shanti.fi\/wp-content\/uploads\/elementor\/thumbs\/Kuusi.pieni_-pzz1lmoa7srbv5p6qwh640972o81l9s5qdfnbzrwm4.jpg\" title=\"\" alt=\"\" loading=\"lazy\" \/>\t\t\t\t\t\t\t\t\t\t\t\t\t\t\t<\/div>\n\t\t\t\t<\/div>\n\t\t\t\t<div class=\"elementor-element elementor-element-70377ca elementor-widget elementor-widget-image\" data-id=\"70377ca\" data-element_type=\"widget\" data-e-type=\"widget\" data-widget_type=\"image.default\">\n\t\t\t\t<div class=\"elementor-widget-container\">\n\t\t\t\t\t\t\t\t\t\t\t\t\t\t\t<img decoding=\"async\" src=\"https:\/\/shanti.fi\/wp-content\/uploads\/elementor\/thumbs\/OR5_0092pieni-pzz1d48wbt3uqa2ag80sj5kxf26dvxznw8rcvse8yk.jpg\" title=\"\" alt=\"\" loading=\"lazy\" \/>\t\t\t\t\t\t\t\t\t\t\t\t\t\t\t<\/div>\n\t\t\t\t<\/div>\n\t\t\t\t\t<\/div>\n\t\t<\/div>\n\t\t\t\t\t<\/div>\n\t\t<\/section>\n\t\t\t\t<section class=\"elementor-section elementor-top-section elementor-element elementor-element-e8073ba elementor-section-boxed elementor-section-height-default elementor-section-height-default\" data-id=\"e8073ba\" data-element_type=\"section\" data-e-type=\"section\" data-settings=\"{&quot;background_background&quot;:&quot;classic&quot;}\">\n\t\t\t\t\t\t<div class=\"elementor-container elementor-column-gap-default\">\n\t\t\t\t\t<div class=\"elementor-column elementor-col-100 elementor-top-column elementor-element elementor-element-b437d54\" data-id=\"b437d54\" data-element_type=\"column\" data-e-type=\"column\" data-settings=\"{&quot;background_background&quot;:&quot;classic&quot;}\">\n\t\t\t<div class=\"elementor-widget-wrap elementor-element-populated\">\n\t\t\t\t\t\t<div class=\"elementor-element elementor-element-d9ab850 elementor-widget elementor-widget-heading\" data-id=\"d9ab850\" data-element_type=\"widget\" data-e-type=\"widget\" data-widget_type=\"heading.default\">\n\t\t\t\t<div class=\"elementor-widget-container\">\n\t\t\t\t\t<h3 class=\"elementor-heading-title elementor-size-default\">Shanti palvelee Tampereen keskustassa k\u00e4velykadulla<\/h3>\t\t\t\t<\/div>\n\t\t\t\t<\/div>\n\t\t\t\t<div class=\"elementor-element elementor-element-20abe11 elementor-widget elementor-widget-text-editor\" data-id=\"20abe11\" data-element_type=\"widget\" data-e-type=\"widget\" data-widget_type=\"text-editor.default\">\n\t\t\t\t<div class=\"elementor-widget-container\">\n\t\t\t\t\t\t\t\t\t<p><span style=\"color: var( --e-global-color-accent ); font-style: oblique; letter-spacing: 0px; background-color: var( --e-global-color-544c13e );\">Kuninkaankatu 15 B 7 2.krs,<br><\/span><span style=\"color: var( --e-global-color-accent ); font-style: oblique; letter-spacing: 0px; background-color: var( --e-global-color-544c13e );\">33210 Tampere<\/span><\/p>\n<p>Puh. 040 967 6262<\/p>\t\t\t\t\t\t\t\t<\/div>\n\t\t\t\t<\/div>\n\t\t\t\t\t<\/div>\n\t\t<\/div>\n\t\t\t\t\t<\/div>\n\t\t<\/section>\n\t\t\t\t<\/div>\n\t\t","protected":false},"excerpt":{"rendered":"<p>Lempe\u00e4n luonnollista hiustenhoitoa rauhallisessa ilmapiiriss\u00e4. Meill\u00e4 hiuksesi v\u00e4rj\u00e4t\u00e4\u00e4n\u00a0100% kasviv\u00e4reill\u00e4, hoidetaan yrteilll\u00e4, savella ja merilev\u00e4ll\u00e4 Shanti palvelee Tampereen keskustassa k\u00e4velykadulla Kuninkaankatu 15 B 7 2.krs,33210 Tampere Puh. 040 967 6262<\/p>\n","protected":false},"author":1,"featured_media":0,"parent":0,"menu_order":0,"comment_status":"closed","ping_status":"closed","template":"elementor_header_footer","meta":{"footnotes":""},"class_list":["post-53","page","type-page","status-publish","hentry"],"yoast_head":"<!-- This site is optimized with the Yoast SEO plugin v27.2 - https:\/\/yoast.com\/product\/yoast-seo-wordpress\/ -->\n<title>Etusivu - Ekokampaamo Shanti<\/title>\n<meta name=\"description\" content=\"Kasviv\u00e4rit, energialeikkaus, intialainen p\u00e4\u00e4hieronta ja hiushoidot luonnonmukaisesti Tampereen keskustassa\" \/>\n<meta name=\"robots\" content=\"index, follow, max-snippet:-1, max-image-preview:large, max-video-preview:-1\" \/>\n<link rel=\"canonical\" href=\"https:\/\/shanti.fi\/\" \/>\n<meta property=\"og:locale\" content=\"fi_FI\" \/>\n<meta property=\"og:type\" content=\"article\" \/>\n<meta property=\"og:title\" content=\"Etusivu - Ekokampaamo Shanti\" \/>\n<meta property=\"og:description\" content=\"Kasviv\u00e4rit, energialeikkaus, intialainen p\u00e4\u00e4hieronta ja hiushoidot luonnonmukaisesti Tampereen keskustassa\" \/>\n<meta property=\"og:url\" content=\"https:\/\/shanti.fi\/\" \/>\n<meta property=\"og:site_name\" content=\"Ekokampaamo Shanti\" \/>\n<meta property=\"article:modified_time\" content=\"2022-12-31T13:16:10+00:00\" \/>\n<meta property=\"og:image\" content=\"https:\/\/shanti.fi\/wp-content\/uploads\/elementor\/thumbs\/Hoytyvat.jpg.pieni_-pzz1tvpa7g1xrxpqkgv9zxausfk15mjc77l2m78lxc.jpeg\" \/>\n<meta name=\"twitter:card\" content=\"summary_large_image\" \/>\n<meta name=\"twitter:label1\" content=\"Arvioitu lukuaika\" \/>\n\t<meta name=\"twitter:data1\" content=\"2 minuuttia\" \/>\n<script type=\"application\/ld+json\" class=\"yoast-schema-graph\">{\"@context\":\"https:\/\/schema.org\",\"@graph\":[{\"@type\":\"WebPage\",\"@id\":\"https:\/\/shanti.fi\/\",\"url\":\"https:\/\/shanti.fi\/\",\"name\":\"Etusivu - Ekokampaamo Shanti\",\"isPartOf\":{\"@id\":\"https:\/\/shanti.fi\/#website\"},\"primaryImageOfPage\":{\"@id\":\"https:\/\/shanti.fi\/#primaryimage\"},\"image\":{\"@id\":\"https:\/\/shanti.fi\/#primaryimage\"},\"thumbnailUrl\":\"https:\/\/shanti.fi\/wp-content\/uploads\/elementor\/thumbs\/Hoytyvat.jpg.pieni_-pzz1tvpa7g1xrxpqkgv9zxausfk15mjc77l2m78lxc.jpeg\",\"datePublished\":\"2022-08-23T14:35:12+00:00\",\"dateModified\":\"2022-12-31T13:16:10+00:00\",\"description\":\"Kasviv\u00e4rit, energialeikkaus, intialainen p\u00e4\u00e4hieronta ja hiushoidot luonnonmukaisesti Tampereen keskustassa\",\"breadcrumb\":{\"@id\":\"https:\/\/shanti.fi\/#breadcrumb\"},\"inLanguage\":\"fi\",\"potentialAction\":[{\"@type\":\"ReadAction\",\"target\":[\"https:\/\/shanti.fi\/\"]}]},{\"@type\":\"ImageObject\",\"inLanguage\":\"fi\",\"@id\":\"https:\/\/shanti.fi\/#primaryimage\",\"url\":\"https:\/\/shanti.fi\/wp-content\/uploads\/elementor\/thumbs\/Hoytyvat.jpg.pieni_-pzz1tvpa7g1xrxpqkgv9zxausfk15mjc77l2m78lxc.jpeg\",\"contentUrl\":\"https:\/\/shanti.fi\/wp-content\/uploads\/elementor\/thumbs\/Hoytyvat.jpg.pieni_-pzz1tvpa7g1xrxpqkgv9zxausfk15mjc77l2m78lxc.jpeg\"},{\"@type\":\"BreadcrumbList\",\"@id\":\"https:\/\/shanti.fi\/#breadcrumb\",\"itemListElement\":[{\"@type\":\"ListItem\",\"position\":1,\"name\":\"Etusivu\",\"item\":\"https:\/\/shanti.fi\/\"},{\"@type\":\"ListItem\",\"position\":2,\"name\":\"Etusivu\"}]},{\"@type\":\"WebSite\",\"@id\":\"https:\/\/shanti.fi\/#website\",\"url\":\"https:\/\/shanti.fi\/\",\"name\":\"Ekokampaamo Shanti\",\"description\":\"Ekokampaamo Tampereen keskustassa\",\"publisher\":{\"@id\":\"https:\/\/shanti.fi\/#organization\"},\"potentialAction\":[{\"@type\":\"SearchAction\",\"target\":{\"@type\":\"EntryPoint\",\"urlTemplate\":\"https:\/\/shanti.fi\/?s={search_term_string}\"},\"query-input\":{\"@type\":\"PropertyValueSpecification\",\"valueRequired\":true,\"valueName\":\"search_term_string\"}}],\"inLanguage\":\"fi\"},{\"@type\":\"Organization\",\"@id\":\"https:\/\/shanti.fi\/#organization\",\"name\":\"Ekokampaamo Shanti\",\"url\":\"https:\/\/shanti.fi\/\",\"logo\":{\"@type\":\"ImageObject\",\"inLanguage\":\"fi\",\"@id\":\"https:\/\/shanti.fi\/#\/schema\/logo\/image\/\",\"url\":\"https:\/\/shanti.fi\/wp-content\/uploads\/2022\/08\/shantilogo.png\",\"contentUrl\":\"https:\/\/shanti.fi\/wp-content\/uploads\/2022\/08\/shantilogo.png\",\"width\":4715,\"height\":1348,\"caption\":\"Ekokampaamo Shanti\"},\"image\":{\"@id\":\"https:\/\/shanti.fi\/#\/schema\/logo\/image\/\"}}]}<\/script>\n<!-- \/ Yoast SEO plugin. -->","yoast_head_json":{"title":"Etusivu - Ekokampaamo Shanti","description":"Kasviv\u00e4rit, energialeikkaus, intialainen p\u00e4\u00e4hieronta ja hiushoidot luonnonmukaisesti Tampereen keskustassa","robots":{"index":"index","follow":"follow","max-snippet":"max-snippet:-1","max-image-preview":"max-image-preview:large","max-video-preview":"max-video-preview:-1"},"canonical":"https:\/\/shanti.fi\/","og_locale":"fi_FI","og_type":"article","og_title":"Etusivu - Ekokampaamo Shanti","og_description":"Kasviv\u00e4rit, energialeikkaus, intialainen p\u00e4\u00e4hieronta ja hiushoidot luonnonmukaisesti Tampereen keskustassa","og_url":"https:\/\/shanti.fi\/","og_site_name":"Ekokampaamo Shanti","article_modified_time":"2022-12-31T13:16:10+00:00","og_image":[{"url":"https:\/\/shanti.fi\/wp-content\/uploads\/elementor\/thumbs\/Hoytyvat.jpg.pieni_-pzz1tvpa7g1xrxpqkgv9zxausfk15mjc77l2m78lxc.jpeg","type":"","width":"","height":""}],"twitter_card":"summary_large_image","twitter_misc":{"Arvioitu lukuaika":"2 minuuttia"},"schema":{"@context":"https:\/\/schema.org","@graph":[{"@type":"WebPage","@id":"https:\/\/shanti.fi\/","url":"https:\/\/shanti.fi\/","name":"Etusivu - Ekokampaamo Shanti","isPartOf":{"@id":"https:\/\/shanti.fi\/#website"},"primaryImageOfPage":{"@id":"https:\/\/shanti.fi\/#primaryimage"},"image":{"@id":"https:\/\/shanti.fi\/#primaryimage"},"thumbnailUrl":"https:\/\/shanti.fi\/wp-content\/uploads\/elementor\/thumbs\/Hoytyvat.jpg.pieni_-pzz1tvpa7g1xrxpqkgv9zxausfk15mjc77l2m78lxc.jpeg","datePublished":"2022-08-23T14:35:12+00:00","dateModified":"2022-12-31T13:16:10+00:00","description":"Kasviv\u00e4rit, energialeikkaus, intialainen p\u00e4\u00e4hieronta ja hiushoidot luonnonmukaisesti Tampereen keskustassa","breadcrumb":{"@id":"https:\/\/shanti.fi\/#breadcrumb"},"inLanguage":"fi","potentialAction":[{"@type":"ReadAction","target":["https:\/\/shanti.fi\/"]}]},{"@type":"ImageObject","inLanguage":"fi","@id":"https:\/\/shanti.fi\/#primaryimage","url":"https:\/\/shanti.fi\/wp-content\/uploads\/elementor\/thumbs\/Hoytyvat.jpg.pieni_-pzz1tvpa7g1xrxpqkgv9zxausfk15mjc77l2m78lxc.jpeg","contentUrl":"https:\/\/shanti.fi\/wp-content\/uploads\/elementor\/thumbs\/Hoytyvat.jpg.pieni_-pzz1tvpa7g1xrxpqkgv9zxausfk15mjc77l2m78lxc.jpeg"},{"@type":"BreadcrumbList","@id":"https:\/\/shanti.fi\/#breadcrumb","itemListElement":[{"@type":"ListItem","position":1,"name":"Etusivu","item":"https:\/\/shanti.fi\/"},{"@type":"ListItem","position":2,"name":"Etusivu"}]},{"@type":"WebSite","@id":"https:\/\/shanti.fi\/#website","url":"https:\/\/shanti.fi\/","name":"Ekokampaamo Shanti","description":"Ekokampaamo Tampereen keskustassa","publisher":{"@id":"https:\/\/shanti.fi\/#organization"},"potentialAction":[{"@type":"SearchAction","target":{"@type":"EntryPoint","urlTemplate":"https:\/\/shanti.fi\/?s={search_term_string}"},"query-input":{"@type":"PropertyValueSpecification","valueRequired":true,"valueName":"search_term_string"}}],"inLanguage":"fi"},{"@type":"Organization","@id":"https:\/\/shanti.fi\/#organization","name":"Ekokampaamo Shanti","url":"https:\/\/shanti.fi\/","logo":{"@type":"ImageObject","inLanguage":"fi","@id":"https:\/\/shanti.fi\/#\/schema\/logo\/image\/","url":"https:\/\/shanti.fi\/wp-content\/uploads\/2022\/08\/shantilogo.png","contentUrl":"https:\/\/shanti.fi\/wp-content\/uploads\/2022\/08\/shantilogo.png","width":4715,"height":1348,"caption":"Ekokampaamo Shanti"},"image":{"@id":"https:\/\/shanti.fi\/#\/schema\/logo\/image\/"}}]}},"_links":{"self":[{"href":"https:\/\/shanti.fi\/index.php\/wp-json\/wp\/v2\/pages\/53","targetHints":{"allow":["GET"]}}],"collection":[{"href":"https:\/\/shanti.fi\/index.php\/wp-json\/wp\/v2\/pages"}],"about":[{"href":"https:\/\/shanti.fi\/index.php\/wp-json\/wp\/v2\/types\/page"}],"author":[{"embeddable":true,"href":"https:\/\/shanti.fi\/index.php\/wp-json\/wp\/v2\/users\/1"}],"replies":[{"embeddable":true,"href":"https:\/\/shanti.fi\/index.php\/wp-json\/wp\/v2\/comments?post=53"}],"version-history":[{"count":247,"href":"https:\/\/shanti.fi\/index.php\/wp-json\/wp\/v2\/pages\/53\/revisions"}],"predecessor-version":[{"id":1537,"href":"https:\/\/shanti.fi\/index.php\/wp-json\/wp\/v2\/pages\/53\/revisions\/1537"}],"wp:attachment":[{"href":"https:\/\/shanti.fi\/index.php\/wp-json\/wp\/v2\/media?parent=53"}],"curies":[{"name":"wp","href":"https:\/\/api.w.org\/{rel}","templated":true}]}}