{"id":73,"date":"2022-08-24T09:21:32","date_gmt":"2022-08-24T06:21:32","guid":{"rendered":"https:\/\/shanti.fi\/?page_id=73"},"modified":"2022-11-15T12:01:21","modified_gmt":"2022-11-15T09:01:21","slug":"ajanvaraus","status":"publish","type":"page","link":"https:\/\/shanti.fi\/index.php\/ajanvaraus\/","title":{"rendered":"Ajanvaraus"},"content":{"rendered":"\t\t<div data-elementor-type=\"wp-page\" data-elementor-id=\"73\" class=\"elementor elementor-73\">\n\t\t\t\t\t\t<section class=\"elementor-section elementor-top-section elementor-element elementor-element-4520a78e elementor-section-boxed elementor-section-height-default elementor-section-height-default\" data-id=\"4520a78e\" data-element_type=\"section\" data-e-type=\"section\" data-settings=\"{&quot;background_background&quot;:&quot;classic&quot;}\">\n\t\t\t\t\t\t\t<div class=\"elementor-background-overlay\"><\/div>\n\t\t\t\t\t\t\t<div class=\"elementor-container elementor-column-gap-default\">\n\t\t\t\t\t<div class=\"elementor-column elementor-col-100 elementor-top-column elementor-element elementor-element-654495f7\" data-id=\"654495f7\" data-element_type=\"column\" data-e-type=\"column\" data-settings=\"{&quot;background_background&quot;:&quot;classic&quot;}\">\n\t\t\t<div class=\"elementor-widget-wrap elementor-element-populated\">\n\t\t\t\t\t\t\t<\/div>\n\t\t<\/div>\n\t\t\t\t\t<\/div>\n\t\t<\/section>\n\t\t\t\t<section class=\"elementor-section elementor-top-section elementor-element elementor-element-6d7ba696 elementor-section-boxed elementor-section-height-default elementor-section-height-default\" data-id=\"6d7ba696\" data-element_type=\"section\" data-e-type=\"section\" data-settings=\"{&quot;background_background&quot;:&quot;classic&quot;}\">\n\t\t\t\t\t\t<div class=\"elementor-container elementor-column-gap-default\">\n\t\t\t\t\t<div class=\"elementor-column elementor-col-100 elementor-top-column elementor-element elementor-element-1672d51f\" data-id=\"1672d51f\" data-element_type=\"column\" data-e-type=\"column\" data-settings=\"{&quot;background_background&quot;:&quot;classic&quot;}\">\n\t\t\t<div class=\"elementor-widget-wrap elementor-element-populated\">\n\t\t\t\t\t\t<div class=\"elementor-element elementor-element-99965f0 elementor-widget elementor-widget-heading\" data-id=\"99965f0\" data-element_type=\"widget\" data-e-type=\"widget\" data-widget_type=\"heading.default\">\n\t\t\t\t<div class=\"elementor-widget-container\">\n\t\t\t\t\t<h4 class=\"elementor-heading-title elementor-size-default\">Ajanvaraus<\/h4>\t\t\t\t<\/div>\n\t\t\t\t<\/div>\n\t\t\t\t<div class=\"elementor-element elementor-element-5b1c2131 elementor-widget elementor-widget-text-editor\" data-id=\"5b1c2131\" data-element_type=\"widget\" data-e-type=\"widget\" data-widget_type=\"text-editor.default\">\n\t\t\t\t<div class=\"elementor-widget-container\">\n\t\t\t\t\t\t\t\t\t<p>Varaa aikasi Shantiin t\u00e4st\u00e4!<\/p><p><em><strong>HUOM!\u00a0 Esteen sattuessa peruthan yst\u00e4v\u00e4llisesti aikasi viimeist\u00e4\u00e4n 24h ennen varattua aikaa. Alle 24h aikana peruutetuista sek\u00e4 peruuttamattomista ajoista yrityksell\u00e4 on oikeus peri\u00e4 50% palvelun hinnasta.<\/strong><\/em><\/p>\t\t\t\t\t\t\t\t<\/div>\n\t\t\t\t<\/div>\n\t\t\t\t\t<\/div>\n\t\t<\/div>\n\t\t\t\t\t<\/div>\n\t\t<\/section>\n\t\t\t\t<section class=\"elementor-section elementor-top-section elementor-element elementor-element-7d9d87f elementor-section-boxed elementor-section-height-default elementor-section-height-default\" data-id=\"7d9d87f\" data-element_type=\"section\" data-e-type=\"section\" data-settings=\"{&quot;background_background&quot;:&quot;classic&quot;}\">\n\t\t\t\t\t\t<div class=\"elementor-container elementor-column-gap-default\">\n\t\t\t\t\t<div class=\"elementor-column elementor-col-100 elementor-top-column elementor-element elementor-element-7667ac2e\" data-id=\"7667ac2e\" data-element_type=\"column\" data-e-type=\"column\" data-settings=\"{&quot;background_background&quot;:&quot;classic&quot;}\">\n\t\t\t<div class=\"elementor-widget-wrap elementor-element-populated\">\n\t\t\t\t\t\t\t<\/div>\n\t\t<\/div>\n\t\t\t\t\t<\/div>\n\t\t<\/section>\n\t\t\t\t<section class=\"elementor-section elementor-top-section elementor-element elementor-element-7bf1a11 elementor-section-boxed elementor-section-height-default elementor-section-height-default\" data-id=\"7bf1a11\" data-element_type=\"section\" data-e-type=\"section\">\n\t\t\t\t\t\t<div class=\"elementor-container elementor-column-gap-default\">\n\t\t\t\t\t<div class=\"elementor-column elementor-col-100 elementor-top-column elementor-element elementor-element-8d3db17\" data-id=\"8d3db17\" data-element_type=\"column\" data-e-type=\"column\" data-settings=\"{&quot;background_background&quot;:&quot;classic&quot;}\">\n\t\t\t<div class=\"elementor-widget-wrap elementor-element-populated\">\n\t\t\t\t\t\t<div class=\"elementor-element elementor-element-a850a9e elementor-widget elementor-widget-html\" data-id=\"a850a9e\" data-element_type=\"widget\" data-e-type=\"widget\" data-widget_type=\"html.default\">\n\t\t\t\t<div class=\"elementor-widget-container\">\n\t\t\t\t\t<iframe width=\"100%\" frameborder=\"0\" id=\"webReservationIframe\" src=\"https:\/\/varaa.timma.fi\/reservation\/ekokampaamoshanti\"><\/iframe>\n<script src=\"https:\/\/cdnjs.cloudflare.com\/ajax\/libs\/iframe-resizer\/2.8.3\/iframeResizer.min.js\"><\/script>\n<script type=\"text\/javascript\">iFrameResize({checkOrigin: false}, \"#webReservationIframe\");<\/script>\t\t\t\t<\/div>\n\t\t\t\t<\/div>\n\t\t\t\t\t<\/div>\n\t\t<\/div>\n\t\t\t\t\t<\/div>\n\t\t<\/section>\n\t\t\t\t<\/div>\n\t\t","protected":false},"excerpt":{"rendered":"<p>Ajanvaraus Varaa aikasi Shantiin t\u00e4st\u00e4! HUOM!&nbsp; Esteen sattuessa peruthan yst\u00e4v\u00e4llisesti aikasi viimeist\u00e4\u00e4n 24h ennen varattua aikaa. Alle 24h aikana peruutetuista sek\u00e4 peruuttamattomista ajoista yrityksell\u00e4 on oikeus peri\u00e4 50% palvelun hinnasta.<\/p>\n","protected":false},"author":1,"featured_media":0,"parent":0,"menu_order":0,"comment_status":"closed","ping_status":"closed","template":"elementor_header_footer","meta":{"footnotes":""},"class_list":["post-73","page","type-page","status-publish","hentry"],"yoast_head":"<!-- This site is optimized with the Yoast SEO plugin v27.2 - https:\/\/yoast.com\/product\/yoast-seo-wordpress\/ -->\n<title>Ajanvaraus - Ekokampaamo Shanti<\/title>\n<meta name=\"description\" content=\"Varaa t\u00e4st\u00e4 aikasi Ekokampaamo Shantin palveluihin. Kasviv\u00e4rit, energialeikkaus, intialainen p\u00e4\u00e4hieronta ja hiushoidot luonnonmukaisesti.\" \/>\n<meta name=\"robots\" content=\"index, follow, max-snippet:-1, max-image-preview:large, max-video-preview:-1\" \/>\n<link rel=\"canonical\" href=\"https:\/\/shanti.fi\/index.php\/ajanvaraus\/\" \/>\n<meta property=\"og:locale\" content=\"fi_FI\" \/>\n<meta property=\"og:type\" content=\"article\" \/>\n<meta property=\"og:title\" content=\"Ajanvaraus - Ekokampaamo Shanti\" \/>\n<meta property=\"og:description\" content=\"Varaa t\u00e4st\u00e4 aikasi Ekokampaamo Shantin palveluihin. Kasviv\u00e4rit, energialeikkaus, intialainen p\u00e4\u00e4hieronta ja hiushoidot luonnonmukaisesti.\" \/>\n<meta property=\"og:url\" content=\"https:\/\/shanti.fi\/index.php\/ajanvaraus\/\" \/>\n<meta property=\"og:site_name\" content=\"Ekokampaamo Shanti\" \/>\n<meta property=\"article:modified_time\" content=\"2022-11-15T09:01:21+00:00\" \/>\n<meta name=\"twitter:card\" content=\"summary_large_image\" \/>\n<meta name=\"twitter:label1\" content=\"Arvioitu lukuaika\" \/>\n\t<meta name=\"twitter:data1\" content=\"1 minuutti\" \/>\n<script type=\"application\/ld+json\" class=\"yoast-schema-graph\">{\"@context\":\"https:\/\/schema.org\",\"@graph\":[{\"@type\":\"WebPage\",\"@id\":\"https:\/\/shanti.fi\/index.php\/ajanvaraus\/\",\"url\":\"https:\/\/shanti.fi\/index.php\/ajanvaraus\/\",\"name\":\"Ajanvaraus - Ekokampaamo Shanti\",\"isPartOf\":{\"@id\":\"https:\/\/shanti.fi\/#website\"},\"datePublished\":\"2022-08-24T06:21:32+00:00\",\"dateModified\":\"2022-11-15T09:01:21+00:00\",\"description\":\"Varaa t\u00e4st\u00e4 aikasi Ekokampaamo Shantin palveluihin. Kasviv\u00e4rit, energialeikkaus, intialainen p\u00e4\u00e4hieronta ja hiushoidot luonnonmukaisesti.\",\"breadcrumb\":{\"@id\":\"https:\/\/shanti.fi\/index.php\/ajanvaraus\/#breadcrumb\"},\"inLanguage\":\"fi\",\"potentialAction\":[{\"@type\":\"ReadAction\",\"target\":[\"https:\/\/shanti.fi\/index.php\/ajanvaraus\/\"]}]},{\"@type\":\"BreadcrumbList\",\"@id\":\"https:\/\/shanti.fi\/index.php\/ajanvaraus\/#breadcrumb\",\"itemListElement\":[{\"@type\":\"ListItem\",\"position\":1,\"name\":\"Etusivu\",\"item\":\"https:\/\/shanti.fi\/\"},{\"@type\":\"ListItem\",\"position\":2,\"name\":\"Ajanvaraus\"}]},{\"@type\":\"WebSite\",\"@id\":\"https:\/\/shanti.fi\/#website\",\"url\":\"https:\/\/shanti.fi\/\",\"name\":\"Ekokampaamo Shanti\",\"description\":\"Ekokampaamo Tampereen keskustassa\",\"publisher\":{\"@id\":\"https:\/\/shanti.fi\/#organization\"},\"potentialAction\":[{\"@type\":\"SearchAction\",\"target\":{\"@type\":\"EntryPoint\",\"urlTemplate\":\"https:\/\/shanti.fi\/?s={search_term_string}\"},\"query-input\":{\"@type\":\"PropertyValueSpecification\",\"valueRequired\":true,\"valueName\":\"search_term_string\"}}],\"inLanguage\":\"fi\"},{\"@type\":\"Organization\",\"@id\":\"https:\/\/shanti.fi\/#organization\",\"name\":\"Ekokampaamo Shanti\",\"url\":\"https:\/\/shanti.fi\/\",\"logo\":{\"@type\":\"ImageObject\",\"inLanguage\":\"fi\",\"@id\":\"https:\/\/shanti.fi\/#\/schema\/logo\/image\/\",\"url\":\"https:\/\/shanti.fi\/wp-content\/uploads\/2022\/08\/shantilogo.png\",\"contentUrl\":\"https:\/\/shanti.fi\/wp-content\/uploads\/2022\/08\/shantilogo.png\",\"width\":4715,\"height\":1348,\"caption\":\"Ekokampaamo Shanti\"},\"image\":{\"@id\":\"https:\/\/shanti.fi\/#\/schema\/logo\/image\/\"}}]}<\/script>\n<!-- \/ Yoast SEO plugin. -->","yoast_head_json":{"title":"Ajanvaraus - Ekokampaamo Shanti","description":"Varaa t\u00e4st\u00e4 aikasi Ekokampaamo Shantin palveluihin. Kasviv\u00e4rit, energialeikkaus, intialainen p\u00e4\u00e4hieronta ja hiushoidot luonnonmukaisesti.","robots":{"index":"index","follow":"follow","max-snippet":"max-snippet:-1","max-image-preview":"max-image-preview:large","max-video-preview":"max-video-preview:-1"},"canonical":"https:\/\/shanti.fi\/index.php\/ajanvaraus\/","og_locale":"fi_FI","og_type":"article","og_title":"Ajanvaraus - Ekokampaamo Shanti","og_description":"Varaa t\u00e4st\u00e4 aikasi Ekokampaamo Shantin palveluihin. Kasviv\u00e4rit, energialeikkaus, intialainen p\u00e4\u00e4hieronta ja hiushoidot luonnonmukaisesti.","og_url":"https:\/\/shanti.fi\/index.php\/ajanvaraus\/","og_site_name":"Ekokampaamo Shanti","article_modified_time":"2022-11-15T09:01:21+00:00","twitter_card":"summary_large_image","twitter_misc":{"Arvioitu lukuaika":"1 minuutti"},"schema":{"@context":"https:\/\/schema.org","@graph":[{"@type":"WebPage","@id":"https:\/\/shanti.fi\/index.php\/ajanvaraus\/","url":"https:\/\/shanti.fi\/index.php\/ajanvaraus\/","name":"Ajanvaraus - Ekokampaamo Shanti","isPartOf":{"@id":"https:\/\/shanti.fi\/#website"},"datePublished":"2022-08-24T06:21:32+00:00","dateModified":"2022-11-15T09:01:21+00:00","description":"Varaa t\u00e4st\u00e4 aikasi Ekokampaamo Shantin palveluihin. Kasviv\u00e4rit, energialeikkaus, intialainen p\u00e4\u00e4hieronta ja hiushoidot luonnonmukaisesti.","breadcrumb":{"@id":"https:\/\/shanti.fi\/index.php\/ajanvaraus\/#breadcrumb"},"inLanguage":"fi","potentialAction":[{"@type":"ReadAction","target":["https:\/\/shanti.fi\/index.php\/ajanvaraus\/"]}]},{"@type":"BreadcrumbList","@id":"https:\/\/shanti.fi\/index.php\/ajanvaraus\/#breadcrumb","itemListElement":[{"@type":"ListItem","position":1,"name":"Etusivu","item":"https:\/\/shanti.fi\/"},{"@type":"ListItem","position":2,"name":"Ajanvaraus"}]},{"@type":"WebSite","@id":"https:\/\/shanti.fi\/#website","url":"https:\/\/shanti.fi\/","name":"Ekokampaamo Shanti","description":"Ekokampaamo Tampereen keskustassa","publisher":{"@id":"https:\/\/shanti.fi\/#organization"},"potentialAction":[{"@type":"SearchAction","target":{"@type":"EntryPoint","urlTemplate":"https:\/\/shanti.fi\/?s={search_term_string}"},"query-input":{"@type":"PropertyValueSpecification","valueRequired":true,"valueName":"search_term_string"}}],"inLanguage":"fi"},{"@type":"Organization","@id":"https:\/\/shanti.fi\/#organization","name":"Ekokampaamo Shanti","url":"https:\/\/shanti.fi\/","logo":{"@type":"ImageObject","inLanguage":"fi","@id":"https:\/\/shanti.fi\/#\/schema\/logo\/image\/","url":"https:\/\/shanti.fi\/wp-content\/uploads\/2022\/08\/shantilogo.png","contentUrl":"https:\/\/shanti.fi\/wp-content\/uploads\/2022\/08\/shantilogo.png","width":4715,"height":1348,"caption":"Ekokampaamo Shanti"},"image":{"@id":"https:\/\/shanti.fi\/#\/schema\/logo\/image\/"}}]}},"_links":{"self":[{"href":"https:\/\/shanti.fi\/index.php\/wp-json\/wp\/v2\/pages\/73","targetHints":{"allow":["GET"]}}],"collection":[{"href":"https:\/\/shanti.fi\/index.php\/wp-json\/wp\/v2\/pages"}],"about":[{"href":"https:\/\/shanti.fi\/index.php\/wp-json\/wp\/v2\/types\/page"}],"author":[{"embeddable":true,"href":"https:\/\/shanti.fi\/index.php\/wp-json\/wp\/v2\/users\/1"}],"replies":[{"embeddable":true,"href":"https:\/\/shanti.fi\/index.php\/wp-json\/wp\/v2\/comments?post=73"}],"version-history":[{"count":45,"href":"https:\/\/shanti.fi\/index.php\/wp-json\/wp\/v2\/pages\/73\/revisions"}],"predecessor-version":[{"id":1372,"href":"https:\/\/shanti.fi\/index.php\/wp-json\/wp\/v2\/pages\/73\/revisions\/1372"}],"wp:attachment":[{"href":"https:\/\/shanti.fi\/index.php\/wp-json\/wp\/v2\/media?parent=73"}],"curies":[{"name":"wp","href":"https:\/\/api.w.org\/{rel}","templated":true}]}}